{"id":13,"date":"2015-02-03T20:15:21","date_gmt":"2015-02-03T20:15:21","guid":{"rendered":"https:\/\/avada.theme-fusion.com_demos\/hotel\/?page_id=13"},"modified":"2023-01-13T13:06:05","modified_gmt":"2023-01-13T13:06:05","slug":"notre-histoire","status":"publish","type":"page","link":"https:\/\/cocodyroc.com\/fr\/notre-histoire\/","title":{"rendered":"Notre Histoire"},"content":{"rendered":"<p><div class=\"fusion-fullwidth fullwidth-box fusion-builder-row-1 fusion-flex-container nonhundred-percent-fullwidth non-hundred-percent-height-scrolling\" style=\"--awb-border-radius-top-left:0px;--awb-border-radius-top-right:0px;--awb-border-radius-bottom-right:0px;--awb-border-radius-bottom-left:0px;--awb-flex-wrap:wrap;\" ><div class=\"fusion-builder-row fusion-row fusion-flex-align-items-flex-start fusion-flex-content-wrap\" style=\"max-width:1216.8px;margin-left: calc(-4% \/ 2 );margin-right: calc(-4% \/ 2 );\"><div class=\"fusion-layout-column fusion_builder_column fusion-builder-column-0 fusion_builder_column_1_1 1_1 fusion-flex-column\" style=\"--awb-bg-size:cover;--awb-width-large:100%;--awb-margin-top-large:0px;--awb-spacing-right-large:1.92%;--awb-margin-bottom-large:20px;--awb-spacing-left-large:1.92%;--awb-width-medium:100%;--awb-order-medium:0;--awb-spacing-right-medium:1.92%;--awb-spacing-left-medium:1.92%;--awb-width-small:100%;--awb-order-small:0;--awb-spacing-right-small:1.92%;--awb-spacing-left-small:1.92%;\"><div class=\"fusion-column-wrapper fusion-column-has-shadow fusion-flex-justify-content-flex-start fusion-content-layout-column\"><div class=\"fusion-image-element \" style=\"text-align:center;--awb-max-width:300px;--awb-caption-title-font-family:var(--h2_typography-font-family);--awb-caption-title-font-weight:var(--h2_typography-font-weight);--awb-caption-title-font-style:var(--h2_typography-font-style);--awb-caption-title-size:var(--h2_typography-font-size);--awb-caption-title-transform:var(--h2_typography-text-transform);--awb-caption-title-line-height:var(--h2_typography-line-height);--awb-caption-title-letter-spacing:var(--h2_typography-letter-spacing);\"><span class=\" fusion-imageframe imageframe-none imageframe-1 hover-type-none\"><img decoding=\"async\" width=\"547\" height=\"234\" title=\"Logo Cocodyc(1)\" src=\"https:\/\/cocodyroc.com\/wp-content\/uploads\/2023\/01\/Logo-Cocodyc1.png\" data-orig-src=\"https:\/\/cocodyroc.com\/wp-content\/uploads\/2023\/01\/Logo-Cocodyc1.png\" alt class=\"lazyload img-responsive wp-image-2176\" srcset=\"data:image\/svg+xml,%3Csvg%20xmlns%3D%27http%3A%2F%2Fwww.w3.org%2F2000%2Fsvg%27%20width%3D%27547%27%20height%3D%27234%27%20viewBox%3D%270%200%20547%20234%27%3E%3Crect%20width%3D%27547%27%20height%3D%27234%27%20fill-opacity%3D%220%22%2F%3E%3C%2Fsvg%3E\" data-srcset=\"https:\/\/cocodyroc.com\/wp-content\/uploads\/2023\/01\/Logo-Cocodyc1-200x86.png 200w, https:\/\/cocodyroc.com\/wp-content\/uploads\/2023\/01\/Logo-Cocodyc1-400x171.png 400w, https:\/\/cocodyroc.com\/wp-content\/uploads\/2023\/01\/Logo-Cocodyc1.png 547w\" data-sizes=\"auto\" data-orig-sizes=\"(max-width: 1024px) 100vw, (max-width: 640px) 100vw, 547px\" \/><\/span><\/div><\/div><\/div><\/div><\/div><div class=\"fusion-fullwidth fullwidth-box fusion-builder-row-2 fusion-flex-container nonhundred-percent-fullwidth non-hundred-percent-height-scrolling\" style=\"--awb-background-position:left top;--awb-border-sizes-top:0px;--awb-border-sizes-bottom:0px;--awb-border-sizes-left:0px;--awb-border-sizes-right:0px;--awb-border-radius-top-left:0px;--awb-border-radius-top-right:0px;--awb-border-radius-bottom-right:0px;--awb-border-radius-bottom-left:0px;--awb-padding-top:0px;--awb-padding-bottom:85px;--awb-padding-bottom-medium:50px;--awb-flex-wrap:wrap;\" ><div class=\"fusion-builder-row fusion-row fusion-flex-align-items-flex-start fusion-flex-content-wrap\" style=\"max-width:1216.8px;margin-left: calc(-4% \/ 2 );margin-right: calc(-4% \/ 2 );\"><div class=\"fusion-layout-column fusion_builder_column fusion-builder-column-1 fusion_builder_column_1_2 1_2 fusion-flex-column fusion-flex-align-self-center\" style=\"--awb-padding-right:4%;--awb-padding-left:4%;--awb-padding-right-medium:4%;--awb-padding-left-medium:4%;--awb-bg-blend:overlay;--awb-bg-size:cover;--awb-width-large:50%;--awb-margin-top-large:0px;--awb-spacing-right-large:3.84%;--awb-margin-bottom-large:20px;--awb-spacing-left-large:3.84%;--awb-width-medium:100%;--awb-spacing-right-medium:1.92%;--awb-spacing-left-medium:1.92%;--awb-width-small:100%;--awb-spacing-right-small:1.92%;--awb-spacing-left-small:1.92%;\"><div class=\"fusion-column-wrapper fusion-flex-justify-content-center fusion-content-layout-column\"><div class=\"fusion-title title fusion-title-1 fusion-title-center fusion-title-text fusion-title-size-three\" style=\"--awb-margin-bottom-small:15px;--awb-font-size:46px;\"><div class=\"title-sep-container title-sep-container-left\"><div class=\"title-sep sep- sep-solid\" style=\"border-color:var(--awb-color3);\"><\/div><\/div><span class=\"awb-title-spacer\"><\/span><h3 class=\"fusion-title-heading title-heading-center fusion-responsive-typography-calculated\" style=\"margin:0;font-size:1em;--fontSize:46;line-height:var(--awb-typography1-line-height);\">Un petit brin d\u2019histoire<\/h3><span class=\"awb-title-spacer\"><\/span><div class=\"title-sep-container title-sep-container-right\"><div class=\"title-sep sep- sep-solid\" style=\"border-color:var(--awb-color3);\"><\/div><\/div><\/div><div class=\"fusion-separator\" style=\"align-self: center;margin-left: auto;margin-right: auto;margin-top:0px;margin-bottom:20px;width:100%;max-width:50px;\"><div class=\"fusion-separator-border sep-single sep-solid\" style=\"--awb-height:20px;--awb-amount:20px;--awb-sep-color:var(--awb-color4);border-color:var(--awb-color4);border-top-width:1px;\"><\/div><\/div><div class=\"fusion-text fusion-text-1\" style=\"--awb-content-alignment:justify;\"><p>Nos aventures africaines, un territoire ouest africain travers\u00e9 de long en large nous am\u00e8ne \u00e0 Cocody un arrondissement d\u2019Abidjan. Apr\u00e8s avoir pass\u00e9 plusieurs ann\u00e9es dans cette belle commune, une grande histoire d\u2019amour a donn\u00e9 naissance \u00e0 3 beaux enfants Franco-malgaches.<\/p>\n<p>Cette Afrique myst\u00e9rieuse, aux confins du soleil levant, r\u00e9side une \u00eele magnifique dont je suis originaire, Madagascar. Terre d\u2019aventure, de parfums, des routes de l\u2019impossible, destination senteur et d\u00e9couverte. De toutes ces \u00e9motions est n\u00e9e notre maison d\u2019h\u00f4te Cocody Roc.<\/p>\n<p>Madagascar : c\u2019est donc l\u00e0 que nous avons choisi d&rsquo;y installer avec beaucoup d\u2019amour et d\u2019\u00e9nergie notre havre de paix .C&rsquo;est l\u00e0 aussi que nous avons choisi de vous accueillir pour qu&rsquo;\u00e0 votre tour vous puissiez vous ressourcer dans ce petit coin de paradis.<\/p>\n<\/div><\/div><\/div><div class=\"fusion-layout-column fusion_builder_column fusion-builder-column-2 fusion_builder_column_1_2 1_2 fusion-flex-column\" style=\"--awb-padding-top:40px;--awb-padding-right:40px;--awb-padding-bottom:40px;--awb-padding-left:40px;--awb-bg-color:var(--awb-color1);--awb-bg-color-hover:var(--awb-color1);--awb-bg-size:cover;--awb-border-color:var(--awb-color2);--awb-border-top:1px;--awb-border-right:1px;--awb-border-bottom:1px;--awb-border-left:1px;--awb-border-style:solid;--awb-width-large:50%;--awb-margin-top-large:0px;--awb-spacing-right-large:3.84%;--awb-margin-bottom-large:20px;--awb-spacing-left-large:3.84%;--awb-width-medium:100%;--awb-spacing-right-medium:1.92%;--awb-margin-bottom-medium:48px;--awb-spacing-left-medium:1.92%;--awb-width-small:100%;--awb-spacing-right-small:1.92%;--awb-spacing-left-small:1.92%;\"><div class=\"fusion-column-wrapper fusion-flex-justify-content-flex-start fusion-content-layout-column\"><div class=\"fusion-image-element \" style=\"text-align:center;--awb-liftup-border-radius:0px;--awb-caption-title-font-family:var(--h2_typography-font-family);--awb-caption-title-font-weight:var(--h2_typography-font-weight);--awb-caption-title-font-style:var(--h2_typography-font-style);--awb-caption-title-size:var(--h2_typography-font-size);--awb-caption-title-transform:var(--h2_typography-text-transform);--awb-caption-title-line-height:var(--h2_typography-line-height);--awb-caption-title-letter-spacing:var(--h2_typography-letter-spacing);\"><div class=\"awb-image-frame awb-image-frame-2 imageframe-liftup\"><span class=\" fusion-imageframe imageframe-dropshadow imageframe-2\" style=\"border:13px solid var(--awb-color1);-webkit-box-shadow: 3px 3px 7px var(--awb-color3);box-shadow: 3px 3px 7px var(--awb-color3);\"><img decoding=\"async\" width=\"564\" height=\"842\" title=\"IMG-2680\" src=\"https:\/\/cocodyroc.com\/wp-content\/uploads\/2023\/01\/IMG-2680.jpg\" data-orig-src=\"https:\/\/cocodyroc.com\/wp-content\/uploads\/2023\/01\/IMG-2680.jpg\" alt class=\"lazyload img-responsive wp-image-2183\" srcset=\"data:image\/svg+xml,%3Csvg%20xmlns%3D%27http%3A%2F%2Fwww.w3.org%2F2000%2Fsvg%27%20width%3D%27564%27%20height%3D%27842%27%20viewBox%3D%270%200%20564%20842%27%3E%3Crect%20width%3D%27564%27%20height%3D%27842%27%20fill-opacity%3D%220%22%2F%3E%3C%2Fsvg%3E\" data-srcset=\"https:\/\/cocodyroc.com\/wp-content\/uploads\/2023\/01\/IMG-2680-200x299.jpg 200w, https:\/\/cocodyroc.com\/wp-content\/uploads\/2023\/01\/IMG-2680-400x597.jpg 400w, https:\/\/cocodyroc.com\/wp-content\/uploads\/2023\/01\/IMG-2680.jpg 564w\" data-sizes=\"auto\" data-orig-sizes=\"(max-width: 1024px) 100vw, (max-width: 640px) 100vw, 564px\" \/><\/span><\/div><\/div><\/div><\/div><\/div><\/div><div class=\"fusion-fullwidth fullwidth-box fusion-builder-row-3 fusion-flex-container hundred-percent-fullwidth non-hundred-percent-height-scrolling\" style=\"--awb-border-radius-top-left:0px;--awb-border-radius-top-right:0px;--awb-border-radius-bottom-right:0px;--awb-border-radius-bottom-left:0px;--awb-overflow:visible;--awb-margin-top:45px;--awb-margin-bottom:45px;--awb-flex-wrap:wrap;\" ><div class=\"fusion-builder-row fusion-row fusion-flex-align-items-flex-start fusion-flex-content-wrap\" style=\"width:calc( 100% + 0px ) !important;max-width:calc( 100% + 0px ) !important;margin-left: calc(-0px \/ 2 );margin-right: calc(-0px \/ 2 );\"><div class=\"fusion-layout-column fusion_builder_column fusion-builder-column-3 fusion_builder_column_1_1 1_1 fusion-flex-column fusion-flex-align-self-flex-start fusion-column-no-min-height\" style=\"--awb-bg-blend:overlay;--awb-bg-size:cover;--awb-width-large:100%;--awb-margin-top-large:0px;--awb-spacing-right-large:0px;--awb-margin-bottom-large:0px;--awb-spacing-left-large:0px;--awb-width-medium:100%;--awb-spacing-right-medium:0px;--awb-spacing-left-medium:0px;--awb-width-small:100%;--awb-spacing-right-small:0px;--awb-spacing-left-small:0px;\"><div class=\"fusion-column-wrapper fusion-flex-justify-content-flex-start fusion-content-layout-column\"><div class=\"fusion-separator fusion-full-width-sep\" style=\"align-self: center;margin-left: auto;margin-right: auto;width:100%;\"><\/div><\/div><\/div><\/div><\/div><\/p>\n","protected":false},"excerpt":{"rendered":"","protected":false},"author":1,"featured_media":0,"parent":0,"menu_order":0,"comment_status":"open","ping_status":"open","template":"100-width.php","meta":{"om_disable_all_campaigns":false,"footnotes":""},"yoast_head":"<!-- This site is optimized with the Yoast SEO plugin v23.0 - https:\/\/yoast.com\/wordpress\/plugins\/seo\/ -->\n<title>Notre Histoire - Cocody Roc<\/title>\n<meta name=\"robots\" content=\"index, follow, max-snippet:-1, max-image-preview:large, max-video-preview:-1\" \/>\n<link rel=\"canonical\" href=\"https:\/\/cocodyroc.com\/fr\/notre-histoire\/\" \/>\n<meta property=\"og:locale\" content=\"fr_FR\" \/>\n<meta property=\"og:type\" content=\"article\" \/>\n<meta property=\"og:title\" content=\"Notre Histoire - Cocody Roc\" \/>\n<meta property=\"og:url\" content=\"https:\/\/cocodyroc.com\/fr\/notre-histoire\/\" \/>\n<meta property=\"og:site_name\" content=\"Cocody Roc\" \/>\n<meta property=\"article:modified_time\" content=\"2023-01-13T13:06:05+00:00\" \/>\n<meta name=\"twitter:card\" content=\"summary_large_image\" \/>\n<meta name=\"twitter:label1\" content=\"Dur\u00e9e de lecture estim\u00e9e\" \/>\n\t<meta name=\"twitter:data1\" content=\"5 minutes\" \/>\n<script type=\"application\/ld+json\" class=\"yoast-schema-graph\">{\"@context\":\"https:\/\/schema.org\",\"@graph\":[{\"@type\":\"WebPage\",\"@id\":\"https:\/\/cocodyroc.com\/notre-histoire\/\",\"url\":\"https:\/\/cocodyroc.com\/notre-histoire\/\",\"name\":\"Notre Histoire - Cocody Roc\",\"isPartOf\":{\"@id\":\"https:\/\/cocodyroc.com\/#website\"},\"datePublished\":\"2015-02-03T20:15:21+00:00\",\"dateModified\":\"2023-01-13T13:06:05+00:00\",\"breadcrumb\":{\"@id\":\"https:\/\/cocodyroc.com\/notre-histoire\/#breadcrumb\"},\"inLanguage\":\"fr-FR\",\"potentialAction\":[{\"@type\":\"ReadAction\",\"target\":[\"https:\/\/cocodyroc.com\/notre-histoire\/\"]}]},{\"@type\":\"BreadcrumbList\",\"@id\":\"https:\/\/cocodyroc.com\/notre-histoire\/#breadcrumb\",\"itemListElement\":[{\"@type\":\"ListItem\",\"position\":1,\"name\":\"Accueil\",\"item\":\"https:\/\/cocodyroc.com\/\"},{\"@type\":\"ListItem\",\"position\":2,\"name\":\"Notre Histoire\"}]},{\"@type\":\"WebSite\",\"@id\":\"https:\/\/cocodyroc.com\/#website\",\"url\":\"https:\/\/cocodyroc.com\/\",\"name\":\"Cocody Roc\",\"description\":\"\",\"publisher\":{\"@id\":\"https:\/\/cocodyroc.com\/#organization\"},\"potentialAction\":[{\"@type\":\"SearchAction\",\"target\":{\"@type\":\"EntryPoint\",\"urlTemplate\":\"https:\/\/cocodyroc.com\/?s={search_term_string}\"},\"query-input\":\"required name=search_term_string\"}],\"inLanguage\":\"fr-FR\"},{\"@type\":\"Organization\",\"@id\":\"https:\/\/cocodyroc.com\/#organization\",\"name\":\"Cocody Roc\",\"url\":\"https:\/\/cocodyroc.com\/\",\"logo\":{\"@type\":\"ImageObject\",\"inLanguage\":\"fr-FR\",\"@id\":\"https:\/\/cocodyroc.com\/#\/schema\/logo\/image\/\",\"url\":\"https:\/\/cocodyroc.com\/wp-content\/uploads\/2023\/01\/Logo-Cocodyc1.png\",\"contentUrl\":\"https:\/\/cocodyroc.com\/wp-content\/uploads\/2023\/01\/Logo-Cocodyc1.png\",\"width\":547,\"height\":234,\"caption\":\"Cocody Roc\"},\"image\":{\"@id\":\"https:\/\/cocodyroc.com\/#\/schema\/logo\/image\/\"}}]}<\/script>\n<!-- \/ Yoast SEO plugin. -->","yoast_head_json":{"title":"Notre Histoire - Cocody Roc","robots":{"index":"index","follow":"follow","max-snippet":"max-snippet:-1","max-image-preview":"max-image-preview:large","max-video-preview":"max-video-preview:-1"},"canonical":"https:\/\/cocodyroc.com\/fr\/notre-histoire\/","og_locale":"fr_FR","og_type":"article","og_title":"Notre Histoire - Cocody Roc","og_url":"https:\/\/cocodyroc.com\/fr\/notre-histoire\/","og_site_name":"Cocody Roc","article_modified_time":"2023-01-13T13:06:05+00:00","twitter_card":"summary_large_image","twitter_misc":{"Dur\u00e9e de lecture estim\u00e9e":"5 minutes"},"schema":{"@context":"https:\/\/schema.org","@graph":[{"@type":"WebPage","@id":"https:\/\/cocodyroc.com\/notre-histoire\/","url":"https:\/\/cocodyroc.com\/notre-histoire\/","name":"Notre Histoire - Cocody Roc","isPartOf":{"@id":"https:\/\/cocodyroc.com\/#website"},"datePublished":"2015-02-03T20:15:21+00:00","dateModified":"2023-01-13T13:06:05+00:00","breadcrumb":{"@id":"https:\/\/cocodyroc.com\/notre-histoire\/#breadcrumb"},"inLanguage":"fr-FR","potentialAction":[{"@type":"ReadAction","target":["https:\/\/cocodyroc.com\/notre-histoire\/"]}]},{"@type":"BreadcrumbList","@id":"https:\/\/cocodyroc.com\/notre-histoire\/#breadcrumb","itemListElement":[{"@type":"ListItem","position":1,"name":"Accueil","item":"https:\/\/cocodyroc.com\/"},{"@type":"ListItem","position":2,"name":"Notre Histoire"}]},{"@type":"WebSite","@id":"https:\/\/cocodyroc.com\/#website","url":"https:\/\/cocodyroc.com\/","name":"Cocody Roc","description":"","publisher":{"@id":"https:\/\/cocodyroc.com\/#organization"},"potentialAction":[{"@type":"SearchAction","target":{"@type":"EntryPoint","urlTemplate":"https:\/\/cocodyroc.com\/?s={search_term_string}"},"query-input":"required name=search_term_string"}],"inLanguage":"fr-FR"},{"@type":"Organization","@id":"https:\/\/cocodyroc.com\/#organization","name":"Cocody Roc","url":"https:\/\/cocodyroc.com\/","logo":{"@type":"ImageObject","inLanguage":"fr-FR","@id":"https:\/\/cocodyroc.com\/#\/schema\/logo\/image\/","url":"https:\/\/cocodyroc.com\/wp-content\/uploads\/2023\/01\/Logo-Cocodyc1.png","contentUrl":"https:\/\/cocodyroc.com\/wp-content\/uploads\/2023\/01\/Logo-Cocodyc1.png","width":547,"height":234,"caption":"Cocody Roc"},"image":{"@id":"https:\/\/cocodyroc.com\/#\/schema\/logo\/image\/"}}]}},"_links":{"self":[{"href":"https:\/\/cocodyroc.com\/fr\/wp-json\/wp\/v2\/pages\/13"}],"collection":[{"href":"https:\/\/cocodyroc.com\/fr\/wp-json\/wp\/v2\/pages"}],"about":[{"href":"https:\/\/cocodyroc.com\/fr\/wp-json\/wp\/v2\/types\/page"}],"author":[{"embeddable":true,"href":"https:\/\/cocodyroc.com\/fr\/wp-json\/wp\/v2\/users\/1"}],"replies":[{"embeddable":true,"href":"https:\/\/cocodyroc.com\/fr\/wp-json\/wp\/v2\/comments?post=13"}],"version-history":[{"count":10,"href":"https:\/\/cocodyroc.com\/fr\/wp-json\/wp\/v2\/pages\/13\/revisions"}],"predecessor-version":[{"id":2245,"href":"https:\/\/cocodyroc.com\/fr\/wp-json\/wp\/v2\/pages\/13\/revisions\/2245"}],"wp:attachment":[{"href":"https:\/\/cocodyroc.com\/fr\/wp-json\/wp\/v2\/media?parent=13"}],"curies":[{"name":"wp","href":"https:\/\/api.w.org\/{rel}","templated":true}]}}